{"id":8,"date":"2014-07-21T10:00:18","date_gmt":"2014-07-21T10:00:18","guid":{"rendered":"http:\/\/kanemaprod.com\/wp\/?page_id=8"},"modified":"2014-07-22T14:12:02","modified_gmt":"2014-07-22T14:12:02","slug":"o-que-fazemos","status":"publish","type":"page","link":"http:\/\/kanemaprod.com\/wp\/","title":{"rendered":"Quem somos"},"content":{"rendered":"<p>Somos uma produtora independente mo\u00e7ambicana \u00a0que se dedica ao desenvolvimento e produ\u00e7\u00e3o de projectos e servi\u00e7os audiovisuais e multim\u00e9dia. Somos uma sociedade por quotas que est\u00e1 registada na Conservat\u00f3ria das Entidades Legais a 25\/05\/2012 com o Nr. 100296039 e com o NUIT 400364028. Temos a nossa sede na Av. Mao Tse Tung, 930, na Cidade de Maputo em Mo\u00e7ambique.<\/p>\n","protected":false},"excerpt":{"rendered":"<p>Somos uma produtora independente mo\u00e7ambicana \u00a0que se dedica ao desenvolvimento e produ\u00e7\u00e3o de projectos e servi\u00e7os audiovisuais e multim\u00e9dia. Somos uma sociedade por quotas que est\u00e1 registada na Conservat\u00f3ria das Entidades Legais a 25\/05\/2012 com o Nr. 100296039 e com o NUIT 400364028. Temos a nossa sede na Av. Mao Tse Tung, 930, na Cidade &hellip; <a href=\"http:\/\/kanemaprod.com\/wp\/\" class=\"more-link\">Continuar a ler<span class=\"screen-reader-text\">Quem somos<\/span> <span class=\"meta-nav\">&rarr;<\/span><\/a><\/p>\n","protected":false},"author":1,"featured_media":0,"parent":0,"menu_order":0,"comment_status":"open","ping_status":"open","template":"","meta":{"footnotes":""},"class_list":["post-8","page","type-page","status-publish","hentry"],"_links":{"self":[{"href":"http:\/\/kanemaprod.com\/wp\/index.php?rest_route=\/wp\/v2\/pages\/8","targetHints":{"allow":["GET"]}}],"collection":[{"href":"http:\/\/kanemaprod.com\/wp\/index.php?rest_route=\/wp\/v2\/pages"}],"about":[{"href":"http:\/\/kanemaprod.com\/wp\/index.php?rest_route=\/wp\/v2\/types\/page"}],"author":[{"embeddable":true,"href":"http:\/\/kanemaprod.com\/wp\/index.php?rest_route=\/wp\/v2\/users\/1"}],"replies":[{"embeddable":true,"href":"http:\/\/kanemaprod.com\/wp\/index.php?rest_route=%2Fwp%2Fv2%2Fcomments&post=8"}],"version-history":[{"count":9,"href":"http:\/\/kanemaprod.com\/wp\/index.php?rest_route=\/wp\/v2\/pages\/8\/revisions"}],"predecessor-version":[{"id":139,"href":"http:\/\/kanemaprod.com\/wp\/index.php?rest_route=\/wp\/v2\/pages\/8\/revisions\/139"}],"wp:attachment":[{"href":"http:\/\/kanemaprod.com\/wp\/index.php?rest_route=%2Fwp%2Fv2%2Fmedia&parent=8"}],"curies":[{"name":"wp","href":"https:\/\/api.w.org\/{rel}","templated":true}]}}